{"id":4944,"date":"2021-04-12T17:02:42","date_gmt":"2021-04-12T15:02:42","guid":{"rendered":"https:\/\/www.thehub4travel.com\/?page_id=4944"},"modified":"2021-06-02T10:00:12","modified_gmt":"2021-06-02T08:00:12","slug":"politica-de-privacidad","status":"publish","type":"page","link":"https:\/\/www.thehub4travel.com\/es\/politica-de-privacidad\/","title":{"rendered":"Pol\u00edtica de Privacidad"},"content":{"rendered":"[vc_row type=\u00bbfull_width_background\u00bb full_screen_row_position=\u00bbmiddle\u00bb column_margin=\u00bbdefault\u00bb column_direction=\u00bbdefault\u00bb column_direction_tablet=\u00bbdefault\u00bb column_direction_phone=\u00bbdefault\u00bb bg_image=\u00bb4744&#8243; bg_position=\u00bbcenter bottom\u00bb bg_repeat=\u00bbno-repeat\u00bb scene_position=\u00bbcenter\u00bb top_padding=\u00bb4%\u00bb bottom_padding=\u00bb4%\u00bb text_color=\u00bblight\u00bb text_align=\u00bbleft\u00bb row_border_radius=\u00bbnone\u00bb row_border_radius_applies=\u00bbbg\u00bb enable_gradient=\u00bbtrue\u00bb color_overlay=\u00bbrgba(47,100,143,0.9)\u00bb color_overlay_2=\u00bbrgba(17,17,17,0.01)\u00bb overlay_strength=\u00bb0.8&#8243; gradient_direction=\u00bbleft_t_to_right_b\u00bb shape_divider_position=\u00bbbottom\u00bb shape_divider_height=\u00bb250&#8243; bg_image_animation=\u00bbnone\u00bb parallax_bg=\u00bbtrue\u00bb parallax_bg_speed=\u00bbfixed\u00bb shape_type=\u00bbwaves_opacity_alt\u00bb][vc_column column_padding=\u00bbno-extra-padding\u00bb column_padding_tablet=\u00bbinherit\u00bb column_padding_phone=\u00bbinherit\u00bb column_padding_position=\u00bball\u00bb background_color_opacity=\u00bb1&#8243; background_hover_color_opacity=\u00bb1&#8243; column_shadow=\u00bbnone\u00bb column_border_radius=\u00bbnone\u00bb column_link_target=\u00bb_self\u00bb gradient_direction=\u00bbleft_to_right\u00bb overlay_strength=\u00bb0.3&#8243; width=\u00bb1\/1&#8243; tablet_width_inherit=\u00bbdefault\u00bb tablet_text_alignment=\u00bbdefault\u00bb phone_text_alignment=\u00bbdefault\u00bb column_border_width=\u00bbnone\u00bb column_border_style=\u00bbsolid\u00bb bg_image_animation=\u00bbnone\u00bb][vc_row_inner content_placement=\u00bbmiddle\u00bb column_margin=\u00bbdefault\u00bb column_direction=\u00bbdefault\u00bb column_direction_tablet=\u00bbdefault\u00bb column_direction_phone=\u00bbdefault\u00bb text_align=\u00bbleft\u00bb][vc_column_inner column_padding=\u00bbno-extra-padding\u00bb column_padding_tablet=\u00bbinherit\u00bb column_padding_phone=\u00bbinherit\u00bb column_padding_position=\u00bball\u00bb background_color_opacity=\u00bb1&#8243; background_hover_color_opacity=\u00bb1&#8243; column_shadow=\u00bbnone\u00bb column_border_radius=\u00bbnone\u00bb column_link_target=\u00bb_self\u00bb gradient_direction=\u00bbleft_to_right\u00bb overlay_strength=\u00bb0.3&#8243; width=\u00bb1\/2&#8243; tablet_width_inherit=\u00bbdefault\u00bb column_border_width=\u00bbnone\u00bb column_border_style=\u00bbsolid\u00bb bg_image_animation=\u00bbnone\u00bb enable_animation=\u00bbtrue\u00bb animation=\u00bbfade-in-from-bottom\u00bb delay=\u00bb200&#8243;][divider line_type=\u00bbNo Line\u00bb custom_height=\u00bb40%\u00bb][split_line_heading animation_type=\u00bbdefault\u00bb]\n<h1>Pol\u00edtica de Privacidad<\/h1>\n[\/split_line_heading][\/vc_column_inner][vc_column_inner column_padding=\u00bbno-extra-padding\u00bb column_padding_tablet=\u00bbinherit\u00bb column_padding_phone=\u00bbinherit\u00bb column_padding_position=\u00bball\u00bb background_color_opacity=\u00bb1&#8243; background_hover_color_opacity=\u00bb1&#8243; column_shadow=\u00bbnone\u00bb column_border_radius=\u00bbnone\u00bb column_link_target=\u00bb_self\u00bb gradient_direction=\u00bbleft_to_right\u00bb overlay_strength=\u00bb0.3&#8243; width=\u00bb1\/2&#8243; tablet_width_inherit=\u00bbdefault\u00bb column_border_width=\u00bbnone\u00bb column_border_style=\u00bbsolid\u00bb bg_image_animation=\u00bbnone\u00bb][\/vc_column_inner][\/vc_row_inner][\/vc_column][\/vc_row][vc_row type=\u00bbin_container\u00bb full_screen_row_position=\u00bbmiddle\u00bb column_margin=\u00bbdefault\u00bb column_direction=\u00bbdefault\u00bb column_direction_tablet=\u00bbdefault\u00bb column_direction_phone=\u00bbdefault\u00bb scene_position=\u00bbcenter\u00bb top_padding=\u00bb11&#8243; text_color=\u00bbdark\u00bb text_align=\u00bbleft\u00bb row_border_radius=\u00bbnone\u00bb row_border_radius_applies=\u00bbbg\u00bb overlay_strength=\u00bb0.3&#8243; gradient_direction=\u00bbleft_to_right\u00bb shape_divider_position=\u00bbbottom\u00bb bg_image_animation=\u00bbnone\u00bb shape_type=\u00bb\u00bb][vc_column column_padding=\u00bbno-extra-padding\u00bb column_padding_tablet=\u00bbinherit\u00bb column_padding_phone=\u00bbinherit\u00bb column_padding_position=\u00bball\u00bb background_color_opacity=\u00bb1&#8243; background_hover_color_opacity=\u00bb1&#8243; column_shadow=\u00bbnone\u00bb column_border_radius=\u00bbnone\u00bb column_link_target=\u00bb_self\u00bb gradient_direction=\u00bbleft_to_right\u00bb overlay_strength=\u00bb0.3&#8243; width=\u00bb1\/1&#8243; tablet_width_inherit=\u00bbdefault\u00bb tablet_text_alignment=\u00bbdefault\u00bb phone_text_alignment=\u00bbdefault\u00bb column_border_width=\u00bbnone\u00bb column_border_style=\u00bbsolid\u00bb bg_image_animation=\u00bbnone\u00bb][divider line_type=\u00bbNo Line\u00bb custom_height=\u00bb40px\u00bb][vc_column_text]THE HUB considera a sus sistemas de informaci\u00f3n una herramienta fundamental en el desarrollo de sus actividades. Estos sistemas dan tratamiento a la informaci\u00f3n requerida para la gesti\u00f3n de la organizaci\u00f3n, que adem\u00e1s comprende datos personales. Tanto los responsables de la empresa, como la legislaci\u00f3n actual, consideran fundamental el respeto a la privacidad e intimidad en el tratamiento de esta informaci\u00f3n.<\/p>\n<p>Con el prop\u00f3sito de establecer un entorno seguro que permita garantizar razonablemente la protecci\u00f3n, confidencialidad, integridad y disponibilidad de los datos, as\u00ed como el cumplimiento de la legislaci\u00f3n correspondiente, se ha elaborado esta Pol\u00edtica de Seguridad.<\/p>\n<p>Esta Pol\u00edtica se fundamenta en el cumplimiento de la Ley 1581 de 2012, de protecci\u00f3n de datos personales, y los Decretos 1377 de 2013 y 1081 de 2015 que la reglamentan parcialmente. El objetivo de la normativa es desarrollar el derecho constitucional que tienen todas las personas a conocer, actualizar y rectificar las informaciones que se hayan recogido sobre ellas en bases de datos o archivos, y los dem\u00e1s derechos, libertades y garant\u00edas constitucionales a que se refiere el art\u00edculo 15 de la Constituci\u00f3n Pol\u00edtica; as\u00ed como el derecho a la informaci\u00f3n consagrado en el art\u00edculo 20 de la misma.<\/p>\n<p>\u00bfY qu\u00e9 es un dato personal?<\/p>\n<p>Es cualquier informaci\u00f3n vinculada o que pueda asociarse a una o varias personas naturales determinadas o determinables. Por ejemplo, podemos incluir los datos de contacto como el nombre, direcci\u00f3n, celular o nacionalidad.<\/p>\n<p>&nbsp;<\/p>\n<p><strong>Datos de contacto del Responsable<\/strong><\/p>\n<p><strong>\u00a0<\/strong><\/p>\n<ul>\n<li>The Hub Services and Technology for the Travel Industry Sociedad por Acciones Simplificada<\/li>\n<li>NIT 901.489.740-1<\/li>\n<li>Calle 5#66B-75 Oficina 301 &#8211; Cali Colombia<\/li>\n<li>+34 871 153 654<\/li>\n<li>info@thehub4travel.com<\/li>\n<\/ul>\n<p><strong>Objetivo del tratamiento de datos personales<\/strong><\/p>\n<p>Recogemos los siguientes datos con el objeto de gestionar las peticiones de informaci\u00f3n que nos realiza a trav\u00e9s del formulario de contacto de nuestra web:<\/p>\n<ul>\n<li>Nombre<\/li>\n<li>Compa\u00f1\u00eda<\/li>\n<li>Direcci\u00f3n de correo electr\u00f3nico<\/li>\n<li>Tel\u00e9fono fijo o celular.<\/li>\n<li>Idioma<\/li>\n<li>Pa\u00eds<\/li>\n<\/ul>\n<p>Asimismo, tambi\u00e9n utilizaremos sus datos de contacto para remitirle informaci\u00f3n electr\u00f3nica acerca de nuestros servicios y productos. En cualquier momento usted podr\u00e1 revocar su consentimiento, si no desea recibir m\u00e1s publicidad sobre nuestra compa\u00f1\u00eda.<\/p>\n<p><strong>\u00bfC\u00f3mo se recopila la informaci\u00f3n personal?<\/strong><\/p>\n<p>THE HUB recopila la informaci\u00f3n mediante el formulario de contacto en la p\u00e1gina web <a href=\"https:\/\/www.thehub4travel.com\/contact\/\">https:\/\/www.thehub4travel.com\/contact\/<\/a> y se almacenar\u00e1 en nuestros sistemas para poder gestionar las consultas.<\/p>\n<p>La informaci\u00f3n suministrada permanecer\u00e1 almacenada por el t\u00e9rmino m\u00e1ximo necesario para permitirnos el cumplimiento de las obligaciones legales y\/o contractuales a nuestro cargo.<\/p>\n<p><strong>\u00bfQu\u00e9 derechos me asisten y c\u00f3mo puedo solicitarlos?<\/strong><\/p>\n<p>Usted manifiesta libre, expresa y previamente haber sido informado sobre los derechos que la ley le concede como titular de sus datos personales. Estos derechos se enuncian a continuaci\u00f3n:<\/p>\n<ul>\n<li>Conocer, actualizar y rectificar sus datos personales frente a la entidad responsable del tratamiento o encargada del tratamiento de sus datos personales.<\/li>\n<li>Solicitar prueba de la autorizaci\u00f3n otorgada al responsable del tratamiento, salvo cuando expresamente se except\u00fae como requisito para el tratamiento.<\/li>\n<li>Ser informado por el responsable del tratamiento o el encargado del tratamiento, previa solicitud, respecto del uso que le ha dado a los datos personales.<\/li>\n<li>Presentar ante la Superintendencia de Industria y Comercio quejas por infracciones al r\u00e9gimen de protecci\u00f3n de datos personales.<\/li>\n<li>Revocar la autorizaci\u00f3n y\/o solicitar la supresi\u00f3n del dato personal en los t\u00e9rminos de la Ley 1581 de 2012.<\/li>\n<li>Acceder en forma gratuita una vez por mes a sus datos personales que hayan sido objeto de tratamiento, en los t\u00e9rminos de la normatividad vigente.<\/li>\n<\/ul>\n<p>Para la radicaci\u00f3n y atenci\u00f3n de su solicitud le solicitamos suministrar la siguiente informaci\u00f3n:<\/p>\n<ul>\n<li>Nombre completo y apellidos<\/li>\n<li>Datos de contacto (Direcci\u00f3n f\u00edsica y\/o electr\u00f3nica y tel\u00e9fonos de contacto),<\/li>\n<li>Medios para recibir respuesta a su solicitud,<\/li>\n<li>Motivo(s)\/hecho(s) que dan lugar al reclamo con una breve descripci\u00f3n del derecho que desea ejercer (conocer, actualizar, rectificar, solicitar prueba de la autorizaci\u00f3n otorgada, revocarla, suprimir, acceder a la informaci\u00f3n)<\/li>\n<li>Firma (si aplica) y n\u00famero de identificaci\u00f3n.<\/li>\n<\/ul>\n<p>El t\u00e9rmino m\u00e1ximo previsto por la ley para resolver su reclamaci\u00f3n es de quince (15) d\u00edas h\u00e1biles, contado a partir del d\u00eda siguiente a la fecha de su recibo. Cuando no fuere posible atender el reclamo dentro de dicho t\u00e9rmino, THE HUB informar\u00e1 al interesado los motivos de la demora y la fecha en que se atender\u00e1 su reclamo, la cual en ning\u00fan caso podr\u00e1 superar los ocho (8) d\u00edas h\u00e1biles siguientes al vencimiento del primer t\u00e9rmino.<\/p>\n<p>Una vez cumplidos los t\u00e9rminos se\u00f1alados por la Ley 1581 de 2012 y las dem\u00e1s normas que la reglamenten o complementen, el Titular al que se deniegue, total o parcialmente, el ejercicio de los derechos de acceso, actualizaci\u00f3n, rectificaci\u00f3n, supresi\u00f3n y revocaci\u00f3n, podr\u00e1 poner su caso en conocimiento de la Superintendencia de Industria y Comercio \u2013Delegatura para la Protecci\u00f3n de Datos Personales-.<\/p>\n<p><strong>Cesiones y transmisiones de datos<\/strong><\/p>\n<p>Sus datos pueden ser remitidos a empresas subsidiarias y terceros con relaciones contractuales con la compa\u00f1\u00eda. Para ello, en el contrato correspondiente THE HUB incluir\u00e1 las obligaciones pertinentes para garantizar que dichas empresas otorgan el nivel de protecci\u00f3n de datos personales requerido por la Ley. Asimismo, THE HUB para cumplir las finalidades anteriormente descritas u otras exigidas legalmente y\/o por autoridades competentes, s\u00f3lo compartir\u00e1 o transferir\u00e1 los datos necesarios en los casos legalmente previstos.<\/p>\n<p>&nbsp;<\/p>\n<p><strong>Seguridad de los datos<\/strong><\/p>\n<p>En THE HUB recogemos, tratamos y almacenamos sus datos aplicando pol\u00edticas y normas de seguridad de la informaci\u00f3n. Estas medidas de seguridad aplican tanto a la informaci\u00f3n en formato electr\u00f3nico como en papel, y garantizan la confidencialidad, integridad y disponibilidad de sus datos.<\/p>\n<p><strong>Actualizaci\u00f3n de la pol\u00edtica<\/strong><\/p>\n<p>Esta pol\u00edtica se revisar\u00e1 y actualizar\u00e1 regularmente. Por ello, le recomendamos que visite cada cierto tiempo nuestra p\u00e1gina web para ver los posibles cambios que puedan afectarle. En cualquier caso, nos pondremos en contacto con usted si la pol\u00edtica sufre cambios significativos, a trav\u00e9s del correo electr\u00f3nico que nos haya facilitado.<\/p>\n<p><strong>Vigencia de la pol\u00edtica<\/strong><\/p>\n<p>Esta pol\u00edtica se encuentra vigente desde la 01.06.2021[\/vc_column_text][\/vc_column][\/vc_row]\n","protected":false},"excerpt":{"rendered":"<p>[vc_row type=\u00bbfull_width_background\u00bb full_screen_row_position=\u00bbmiddle\u00bb column_margin=\u00bbdefault\u00bb column_direction=\u00bbdefault\u00bb column_direction_tablet=\u00bbdefault\u00bb column_direction_phone=\u00bbdefault\u00bb bg_image=\u00bb4744&#8243; bg_position=\u00bbcenter bottom\u00bb bg_repeat=\u00bbno-repeat\u00bb scene_position=\u00bbcenter\u00bb top_padding=\u00bb4%\u00bb bottom_padding=\u00bb4%\u00bb text_color=\u00bblight\u00bb text_align=\u00bbleft\u00bb row_border_radius=\u00bbnone\u00bb row_border_radius_applies=\u00bbbg\u00bb enable_gradient=\u00bbtrue\u00bb color_overlay=\u00bbrgba(47,100,143,0.9)\u00bb color_overlay_2=\u00bbrgba(17,17,17,0.01)\u00bb overlay_strength=\u00bb0.8&#8243; gradient_direction=\u00bbleft_t_to_right_b\u00bb shape_divider_position=\u00bbbottom\u00bb shape_divider_height=\u00bb250&#8243; bg_image_animation=\u00bbnone\u00bb parallax_bg=\u00bbtrue\u00bb parallax_bg_speed=\u00bbfixed\u00bb shape_type=\u00bbwaves_opacity_alt\u00bb][vc_column column_padding=\u00bbno-extra-padding\u00bb&#8230;<\/p>\n","protected":false},"author":2,"featured_media":0,"parent":0,"menu_order":0,"comment_status":"closed","ping_status":"closed","template":"","meta":{"footnotes":""},"class_list":["post-4944","page","type-page","status-publish"],"_links":{"self":[{"href":"https:\/\/www.thehub4travel.com\/es\/wp-json\/wp\/v2\/pages\/4944","targetHints":{"allow":["GET"]}}],"collection":[{"href":"https:\/\/www.thehub4travel.com\/es\/wp-json\/wp\/v2\/pages"}],"about":[{"href":"https:\/\/www.thehub4travel.com\/es\/wp-json\/wp\/v2\/types\/page"}],"author":[{"embeddable":true,"href":"https:\/\/www.thehub4travel.com\/es\/wp-json\/wp\/v2\/users\/2"}],"replies":[{"embeddable":true,"href":"https:\/\/www.thehub4travel.com\/es\/wp-json\/wp\/v2\/comments?post=4944"}],"version-history":[{"count":7,"href":"https:\/\/www.thehub4travel.com\/es\/wp-json\/wp\/v2\/pages\/4944\/revisions"}],"predecessor-version":[{"id":5018,"href":"https:\/\/www.thehub4travel.com\/es\/wp-json\/wp\/v2\/pages\/4944\/revisions\/5018"}],"wp:attachment":[{"href":"https:\/\/www.thehub4travel.com\/es\/wp-json\/wp\/v2\/media?parent=4944"}],"curies":[{"name":"wp","href":"https:\/\/api.w.org\/{rel}","templated":true}]}}