{"id":5002,"date":"2021-04-13T16:48:44","date_gmt":"2021-04-13T14:48:44","guid":{"rendered":"https:\/\/www.thehub4travel.com\/?page_id=5002"},"modified":"2021-06-02T10:01:19","modified_gmt":"2021-06-02T08:01:19","slug":"politica-de-cookies","status":"publish","type":"page","link":"https:\/\/www.thehub4travel.com\/es\/politica-de-cookies\/","title":{"rendered":"Pol\u00edtica de Cookies"},"content":{"rendered":"[vc_row type=\u00bbfull_width_background\u00bb full_screen_row_position=\u00bbmiddle\u00bb column_margin=\u00bbdefault\u00bb column_direction=\u00bbdefault\u00bb column_direction_tablet=\u00bbdefault\u00bb column_direction_phone=\u00bbdefault\u00bb bg_image=\u00bb4744&#8243; bg_position=\u00bbcenter bottom\u00bb bg_repeat=\u00bbno-repeat\u00bb scene_position=\u00bbcenter\u00bb top_padding=\u00bb4%\u00bb bottom_padding=\u00bb4%\u00bb text_color=\u00bblight\u00bb text_align=\u00bbleft\u00bb row_border_radius=\u00bbnone\u00bb row_border_radius_applies=\u00bbbg\u00bb enable_gradient=\u00bbtrue\u00bb color_overlay=\u00bbrgba(47,100,143,0.9)\u00bb color_overlay_2=\u00bbrgba(17,17,17,0.01)\u00bb overlay_strength=\u00bb0.8&#8243; gradient_direction=\u00bbleft_t_to_right_b\u00bb shape_divider_position=\u00bbbottom\u00bb shape_divider_height=\u00bb250&#8243; bg_image_animation=\u00bbnone\u00bb parallax_bg=\u00bbtrue\u00bb parallax_bg_speed=\u00bbfixed\u00bb shape_type=\u00bbwaves_opacity_alt\u00bb][vc_column column_padding=\u00bbno-extra-padding\u00bb column_padding_tablet=\u00bbinherit\u00bb column_padding_phone=\u00bbinherit\u00bb column_padding_position=\u00bball\u00bb background_color_opacity=\u00bb1&#8243; background_hover_color_opacity=\u00bb1&#8243; column_shadow=\u00bbnone\u00bb column_border_radius=\u00bbnone\u00bb column_link_target=\u00bb_self\u00bb gradient_direction=\u00bbleft_to_right\u00bb overlay_strength=\u00bb0.3&#8243; width=\u00bb1\/1&#8243; tablet_width_inherit=\u00bbdefault\u00bb tablet_text_alignment=\u00bbdefault\u00bb phone_text_alignment=\u00bbdefault\u00bb column_border_width=\u00bbnone\u00bb column_border_style=\u00bbsolid\u00bb bg_image_animation=\u00bbnone\u00bb][vc_row_inner content_placement=\u00bbmiddle\u00bb column_margin=\u00bbdefault\u00bb column_direction=\u00bbdefault\u00bb column_direction_tablet=\u00bbdefault\u00bb column_direction_phone=\u00bbdefault\u00bb text_align=\u00bbleft\u00bb][vc_column_inner column_padding=\u00bbno-extra-padding\u00bb column_padding_tablet=\u00bbinherit\u00bb column_padding_phone=\u00bbinherit\u00bb column_padding_position=\u00bball\u00bb background_color_opacity=\u00bb1&#8243; background_hover_color_opacity=\u00bb1&#8243; column_shadow=\u00bbnone\u00bb column_border_radius=\u00bbnone\u00bb column_link_target=\u00bb_self\u00bb gradient_direction=\u00bbleft_to_right\u00bb overlay_strength=\u00bb0.3&#8243; width=\u00bb1\/2&#8243; tablet_width_inherit=\u00bbdefault\u00bb column_border_width=\u00bbnone\u00bb column_border_style=\u00bbsolid\u00bb bg_image_animation=\u00bbnone\u00bb enable_animation=\u00bbtrue\u00bb animation=\u00bbfade-in-from-bottom\u00bb delay=\u00bb200&#8243;][divider line_type=\u00bbNo Line\u00bb custom_height=\u00bb40%\u00bb][split_line_heading animation_type=\u00bbdefault\u00bb]\n<h1>Pol\u00edtica de Cookies<\/h1>\n[\/split_line_heading][\/vc_column_inner][vc_column_inner column_padding=\u00bbno-extra-padding\u00bb column_padding_tablet=\u00bbinherit\u00bb column_padding_phone=\u00bbinherit\u00bb column_padding_position=\u00bball\u00bb background_color_opacity=\u00bb1&#8243; background_hover_color_opacity=\u00bb1&#8243; column_shadow=\u00bbnone\u00bb column_border_radius=\u00bbnone\u00bb column_link_target=\u00bb_self\u00bb gradient_direction=\u00bbleft_to_right\u00bb overlay_strength=\u00bb0.3&#8243; width=\u00bb1\/2&#8243; tablet_width_inherit=\u00bbdefault\u00bb column_border_width=\u00bbnone\u00bb column_border_style=\u00bbsolid\u00bb bg_image_animation=\u00bbnone\u00bb][\/vc_column_inner][\/vc_row_inner][\/vc_column][\/vc_row][vc_row type=\u00bbin_container\u00bb full_screen_row_position=\u00bbmiddle\u00bb column_margin=\u00bbdefault\u00bb column_direction=\u00bbdefault\u00bb column_direction_tablet=\u00bbdefault\u00bb column_direction_phone=\u00bbdefault\u00bb scene_position=\u00bbcenter\u00bb top_padding=\u00bb11&#8243; text_color=\u00bbdark\u00bb text_align=\u00bbleft\u00bb row_border_radius=\u00bbnone\u00bb row_border_radius_applies=\u00bbbg\u00bb overlay_strength=\u00bb0.3&#8243; gradient_direction=\u00bbleft_to_right\u00bb shape_divider_position=\u00bbbottom\u00bb bg_image_animation=\u00bbnone\u00bb shape_type=\u00bb\u00bb][vc_column column_padding=\u00bbno-extra-padding\u00bb column_padding_tablet=\u00bbinherit\u00bb column_padding_phone=\u00bbinherit\u00bb column_padding_position=\u00bball\u00bb background_color_opacity=\u00bb1&#8243; background_hover_color_opacity=\u00bb1&#8243; column_shadow=\u00bbnone\u00bb column_border_radius=\u00bbnone\u00bb column_link_target=\u00bb_self\u00bb gradient_direction=\u00bbleft_to_right\u00bb overlay_strength=\u00bb0.3&#8243; width=\u00bb1\/1&#8243; tablet_width_inherit=\u00bbdefault\u00bb tablet_text_alignment=\u00bbdefault\u00bb phone_text_alignment=\u00bbdefault\u00bb column_border_width=\u00bbnone\u00bb column_border_style=\u00bbsolid\u00bb bg_image_animation=\u00bbnone\u00bb][divider line_type=\u00bbNo Line\u00bb custom_height=\u00bb40px\u00bb][vc_column_text]\n<h4><strong>\u00bfQui\u00e9n es el editor de la web?<\/strong><\/h4>\n<p>The Hub Services and Technology for the Travel Industry Sociedad por Acciones Simplificada<\/p>\n<p>NIT 901.489.740-1<\/p>\n<p>Calle 5#66B-75 Oficina 301 &#8211; Cali Colombia<\/p>\n<p>+34 871 153 654<\/p>\n<p>info@thehub4travel.com<\/p>\n<h4><strong>\u00bfQue\u0301 son las cookies?<\/strong><\/h4>\n<p>Este sitio web utiliza cookies y\/o tecnolog\u00edas similares que almacenan y recuperan informaci\u00f3n cuando navegas. En general, estas tecnolog\u00edas pueden servir para finalidades muy diversas, como, por ejemplo, reconocerle como usuario, obtener informaci\u00f3n sobre sus h\u00e1bitos de navegaci\u00f3n, o personalizar la forma en que se muestra el contenido. Los usos concretos que hacemos de estas tecnolog\u00edas se describen a continuaci\u00f3n.<\/p>\n<h4><strong>\u00bfQue\u0301 tipos de cookies se utilizan en esta pagina web?<\/strong><\/h4>\n<p>Nuestra web utiliza cookies propias t\u00e9cnicas, es decir, aquellas que, entre otras cuestiones, el editor utiliza para permitir la gesti\u00f3n y operativa de la p\u00e1gina web y habilitar sus funciones y servicios, como, por ejemplo, controlar el tr\u00e1fico y la comunicaci\u00f3n de datos, identificar la sesi\u00f3n, etc.<\/p>\n<p>A continuaci\u00f3n, se detallan las cookies utilizadas por nuestra web y su descripci\u00f3n:<\/p>\n<table width=\"656\">\n<tbody>\n<tr>\n<td width=\"170\"><strong>Cookie<\/strong><\/td>\n<td width=\"213\"><strong>Descripci\u00f3n<\/strong><\/td>\n<td width=\"99\"><strong>Tipo<\/strong><\/td>\n<td width=\"87\"><strong>Entidad que la gestiona<\/strong><\/td>\n<td width=\"87\"><strong>Duraci\u00f3n<\/strong><\/td>\n<\/tr>\n<tr>\n<td width=\"170\">cookielawinfo-checkbox-others<\/td>\n<td width=\"213\">Cookie usada nuestro gestor de consentimientos de cookies. Almacena la opci\u00f3n seleccionada por el usuario, respecto al uso de cookies de la categor\u00eda \u201cOtras\u201d.<\/td>\n<td width=\"99\">Necesaria<\/td>\n<td width=\"87\">Cookie propia<\/td>\n<td width=\"87\">1 a\u00f1o<\/td>\n<\/tr>\n<tr>\n<td width=\"170\">cookielawinfo-checkbox-advertisement<\/td>\n<td width=\"213\">Cookie usada nuestro gestor de consentimientos de cookies. Almacena la opci\u00f3n seleccionada por el usuario, respecto al uso de cookies de la categor\u00eda \u201cPublicidad\u201d.<\/td>\n<td width=\"99\">Necesaria<\/td>\n<td width=\"87\">Cookie propia<\/td>\n<td width=\"87\">1 a\u00f1o<\/td>\n<\/tr>\n<tr>\n<td width=\"170\">cookielawinfo-checkbox-analytics<\/td>\n<td width=\"213\">Cookie usada nuestro gestor de consentimientos de cookies. Almacena la opci\u00f3n seleccionada por el usuario, respecto al uso de cookies de la categor\u00eda \u201cAnal\u00edticas\u201d.<\/td>\n<td width=\"99\">Necesaria<\/td>\n<td width=\"87\">Cookie propia<\/td>\n<td width=\"87\">1 a\u00f1o<\/td>\n<\/tr>\n<tr>\n<td width=\"170\">cookielawinfo-checkbox-performance<\/td>\n<td width=\"213\">Cookie usada nuestro gestor de consentimientos de cookies. Almacena la opci\u00f3n seleccionada por el usuario, respecto al uso de cookies de la categor\u00eda \u201cRendimiento\u201d.<\/td>\n<td width=\"99\">Necesaria<\/td>\n<td width=\"87\">Cookie propia<\/td>\n<td width=\"87\">1 a\u00f1o<\/td>\n<\/tr>\n<tr>\n<td width=\"170\">cookielawinfo-checkbox-functional<\/td>\n<td width=\"213\">Cookie usada nuestro gestor de consentimientos de cookies. Almacena la opci\u00f3n seleccionada por el usuario, respecto al uso de cookies de la categor\u00eda \u201cFuncionales\u201d.<\/td>\n<td width=\"99\">Necesaria<\/td>\n<td width=\"87\">Cookie propia<\/td>\n<td width=\"87\">1 a\u00f1o<\/td>\n<\/tr>\n<tr>\n<td width=\"170\">cookielawinfo-checkbox-necessary<\/td>\n<td width=\"213\">Cookie usada nuestro gestor de consentimientos de cookies. Almacena la opci\u00f3n seleccionada por el usuario, respecto al uso de cookies de la categor\u00eda \u201cNecesarias\u201d.<\/td>\n<td width=\"99\">Necesaria<\/td>\n<td width=\"87\">Cookie propia<\/td>\n<td width=\"87\">1 a\u00f1o<\/td>\n<\/tr>\n<\/tbody>\n<\/table>\n<p>Puede usted permitir o bloquear las cookies, as\u00ed\u0301 como borrar sus datos de navegaci\u00f3n (incluidas las cookies) desde el navegador que usted utiliza. Consulte las opciones e instrucciones que ofrece su navegador para ello. Tenga en cuenta que, si acepta las cookies de terceros, deber\u00e1\u0301 eliminarlas desde las opciones del navegador.<\/p>\n<p>Por \u00faltimo, le informamos que puede ejercer sus derechos seg\u00fan el T\u00edtulo IV de la Ley 1581 de 2012, sobre los derechos y condiciones de legalidad para el tratamiento de datos. Si desea m\u00e1s informaci\u00f3n puede encontrarla en la Pol\u00edtica de Privacidad de nuestra web.[\/vc_column_text][\/vc_column][\/vc_row]\n","protected":false},"excerpt":{"rendered":"<p>[vc_row type=\u00bbfull_width_background\u00bb full_screen_row_position=\u00bbmiddle\u00bb column_margin=\u00bbdefault\u00bb column_direction=\u00bbdefault\u00bb column_direction_tablet=\u00bbdefault\u00bb column_direction_phone=\u00bbdefault\u00bb bg_image=\u00bb4744&#8243; bg_position=\u00bbcenter bottom\u00bb bg_repeat=\u00bbno-repeat\u00bb scene_position=\u00bbcenter\u00bb top_padding=\u00bb4%\u00bb bottom_padding=\u00bb4%\u00bb text_color=\u00bblight\u00bb text_align=\u00bbleft\u00bb row_border_radius=\u00bbnone\u00bb row_border_radius_applies=\u00bbbg\u00bb enable_gradient=\u00bbtrue\u00bb color_overlay=\u00bbrgba(47,100,143,0.9)\u00bb color_overlay_2=\u00bbrgba(17,17,17,0.01)\u00bb overlay_strength=\u00bb0.8&#8243; gradient_direction=\u00bbleft_t_to_right_b\u00bb shape_divider_position=\u00bbbottom\u00bb shape_divider_height=\u00bb250&#8243; bg_image_animation=\u00bbnone\u00bb parallax_bg=\u00bbtrue\u00bb parallax_bg_speed=\u00bbfixed\u00bb shape_type=\u00bbwaves_opacity_alt\u00bb][vc_column column_padding=\u00bbno-extra-padding\u00bb&#8230;<\/p>\n","protected":false},"author":2,"featured_media":0,"parent":0,"menu_order":0,"comment_status":"closed","ping_status":"closed","template":"","meta":{"footnotes":""},"class_list":["post-5002","page","type-page","status-publish"],"_links":{"self":[{"href":"https:\/\/www.thehub4travel.com\/es\/wp-json\/wp\/v2\/pages\/5002","targetHints":{"allow":["GET"]}}],"collection":[{"href":"https:\/\/www.thehub4travel.com\/es\/wp-json\/wp\/v2\/pages"}],"about":[{"href":"https:\/\/www.thehub4travel.com\/es\/wp-json\/wp\/v2\/types\/page"}],"author":[{"embeddable":true,"href":"https:\/\/www.thehub4travel.com\/es\/wp-json\/wp\/v2\/users\/2"}],"replies":[{"embeddable":true,"href":"https:\/\/www.thehub4travel.com\/es\/wp-json\/wp\/v2\/comments?post=5002"}],"version-history":[{"count":11,"href":"https:\/\/www.thehub4travel.com\/es\/wp-json\/wp\/v2\/pages\/5002\/revisions"}],"predecessor-version":[{"id":5019,"href":"https:\/\/www.thehub4travel.com\/es\/wp-json\/wp\/v2\/pages\/5002\/revisions\/5019"}],"wp:attachment":[{"href":"https:\/\/www.thehub4travel.com\/es\/wp-json\/wp\/v2\/media?parent=5002"}],"curies":[{"name":"wp","href":"https:\/\/api.w.org\/{rel}","templated":true}]}}